{"id":378,"date":"2025-03-11T18:00:27","date_gmt":"2025-03-11T18:00:27","guid":{"rendered":"https:\/\/golfpark-sickendorf.de\/home\/?page_id=378"},"modified":"2025-03-11T18:20:36","modified_gmt":"2025-03-11T18:20:36","slug":"startzeit","status":"publish","type":"page","link":"https:\/\/golfpark-sickendorf.de\/home\/startzeit\/","title":{"rendered":"Startzeit"},"content":{"rendered":"\n<div class=\"wp-block-uagb-container uagb-layout-flex uagb-block-a6a8e0d4 alignfull uagb-is-root-container\">\n<div class=\"wp-block-uagb-container uagb-block-41915a2b\">\n<div class=\"wp-block-uagb-info-box uagb-block-5f85bf5b uagb-infobox__content-wrap  uagb-infobox-icon-above-title uagb-infobox-image-valign-top\"><div class=\"uagb-ifb-content\"><div class=\"uagb-ifb-title-wrap\"><span class=\"uagb-ifb-title-prefix\">Willkommen im<\/span><h1 class=\"uagb-ifb-title\">Golfpark Sickendorf  <\/h1><\/div><p class=\"uagb-ifb-desc\">Golfen mitten in Hessen, umgeben von malerischer Natur.<\/p><div class=\"uagb-ifb-button-wrapper wp-block-button\"><a href=\"contact\/\" class=\"uagb-infobox-cta-link wp-block-button__link\" target=\"_self\" rel=\"noopener noreferrer\" onclick=\"return true;\"><span class=\"uagb-inline-editing\">Jetzt Buchen<\/span><\/a><\/div><\/div><\/div>\n<\/div>\n<\/div>\n\n\n\n<div class=\"wp-block-uagb-container uagb-layout-grid uagb-block-d626a13b alignfull uagb-is-root-container\"><div class=\"uagb-container-inner-blocks-wrap\">\n<hr class=\"wp-block-separator has-text-color has-white-color has-alpha-channel-opacity has-white-background-color has-background\"\/>\n<\/div><\/div>\n\n\n<style>.kb-row-layout-id378_bb6817-26 > .kt-row-column-wrap{align-content:start;}:where(.kb-row-layout-id378_bb6817-26 > .kt-row-column-wrap) > .wp-block-kadence-column{justify-content:start;}.kb-row-layout-id378_bb6817-26 > .kt-row-column-wrap{column-gap:var(--global-kb-gap-md, 2rem);row-gap:var(--global-kb-gap-md, 2rem);max-width:var(--wp--style--global--content-size);padding-top:var(--global-kb-spacing-lg, 3rem);padding-right:var(--global-kb-spacing-lg, 3rem);padding-bottom:var(--global-kb-spacing-lg, 3rem);padding-left:var(--global-kb-spacing-lg, 3rem);grid-template-columns:minmax(0, calc(70% - ((var(--global-kb-gap-md, 2rem) * 1 )\/2)))minmax(0, calc(30% - ((var(--global-kb-gap-md, 2rem) * 1 )\/2)));}.kb-row-layout-id378_bb6817-26{border-top-left-radius:14px;border-top-right-radius:14px;border-bottom-right-radius:14px;border-bottom-left-radius:14px;isolation:isolate;}.kb-row-layout-id378_bb6817-26 > .kt-row-layout-overlay{border-top-left-radius:14px;border-top-right-radius:14px;border-bottom-right-radius:14px;border-bottom-left-radius:14px;}.kb-row-layout-id378_bb6817-26{background-color:var(--global-palette7, #EDF2F7);}.kb-row-layout-id378_bb6817-26 > .kt-row-layout-overlay{opacity:0.30;}@media all and (max-width: 1024px){.kb-row-layout-id378_bb6817-26 > .kt-row-column-wrap{grid-template-columns:repeat(2, minmax(0, 1fr));}}@media all and (max-width: 767px){.kb-row-layout-id378_bb6817-26 > .kt-row-column-wrap{padding-top:var(--global-kb-spacing-sm, 1.5rem);padding-right:var(--global-kb-spacing-sm, 1.5rem);padding-bottom:var(--global-kb-spacing-sm, 1.5rem);padding-left:var(--global-kb-spacing-sm, 1.5rem);grid-template-columns:minmax(0, 1fr);}}<\/style><div class=\"kb-row-layout-wrap kb-row-layout-id378_bb6817-26 alignfull has-theme-palette7-background-color kt-row-has-bg wp-block-kadence-rowlayout\"><div class=\"kt-row-column-wrap kt-has-2-columns kt-row-layout-equal kt-tab-layout-inherit kt-mobile-layout-row kt-row-valign-top kb-theme-content-width\">\n<style>.kadence-column378_3af244-39 > .kt-inside-inner-col{display:flex;}.kadence-column378_3af244-39 > .kt-inside-inner-col,.kadence-column378_3af244-39 > .kt-inside-inner-col:before{border-top-left-radius:0px;border-top-right-radius:0px;border-bottom-right-radius:0px;border-bottom-left-radius:0px;}.kadence-column378_3af244-39 > .kt-inside-inner-col{column-gap:var(--global-kb-gap-sm, 1rem);}.kadence-column378_3af244-39 > .kt-inside-inner-col{flex-direction:column;justify-content:center;}.kadence-column378_3af244-39 > .kt-inside-inner-col > .aligncenter{width:100%;}.kt-row-column-wrap > .kadence-column378_3af244-39{align-self:center;}.kt-inner-column-height-full:not(.kt-has-1-columns) > .wp-block-kadence-column.kadence-column378_3af244-39{align-self:auto;}.kt-inner-column-height-full:not(.kt-has-1-columns) > .wp-block-kadence-column.kadence-column378_3af244-39 > .kt-inside-inner-col{flex-direction:column;justify-content:center;}.kadence-column378_3af244-39 > .kt-inside-inner-col:before{opacity:0.3;}.kadence-column378_3af244-39{position:relative;}@media all and (max-width: 1024px){.kt-row-column-wrap > .kadence-column378_3af244-39{align-self:center;}}@media all and (max-width: 1024px){.kt-inner-column-height-full:not(.kt-has-1-columns) > .wp-block-kadence-column.kadence-column378_3af244-39{align-self:auto;}}@media all and (max-width: 1024px){.kt-inner-column-height-full:not(.kt-has-1-columns) > .wp-block-kadence-column.kadence-column378_3af244-39 > .kt-inside-inner-col{flex-direction:column;justify-content:center;}}@media all and (max-width: 1024px){.kadence-column378_3af244-39 > .kt-inside-inner-col{flex-direction:column;justify-content:center;}}@media all and (max-width: 767px){.kt-row-column-wrap > .kadence-column378_3af244-39{align-self:center;}.kt-inner-column-height-full:not(.kt-has-1-columns) > .wp-block-kadence-column.kadence-column378_3af244-39{align-self:auto;}.kt-inner-column-height-full:not(.kt-has-1-columns) > .wp-block-kadence-column.kadence-column378_3af244-39 > .kt-inside-inner-col{flex-direction:column;justify-content:center;}.kadence-column378_3af244-39 > .kt-inside-inner-col{flex-direction:column;justify-content:center;}}<\/style>\n<div class=\"wp-block-kadence-column kadence-column378_3af244-39\"><div class=\"kt-inside-inner-col\"><style>.wp-block-kadence-advancedheading.kt-adv-heading378_d88f11-f7, .wp-block-kadence-advancedheading.kt-adv-heading378_d88f11-f7[data-kb-block=\"kb-adv-heading378_d88f11-f7\"]{text-align:left;font-size:var(--global-kb-font-size-md, 1.25rem);font-style:normal;}.wp-block-kadence-advancedheading.kt-adv-heading378_d88f11-f7 mark.kt-highlight, .wp-block-kadence-advancedheading.kt-adv-heading378_d88f11-f7[data-kb-block=\"kb-adv-heading378_d88f11-f7\"] mark.kt-highlight{font-style:normal;color:#f76a0c;-webkit-box-decoration-break:clone;box-decoration-break:clone;padding-top:0px;padding-right:0px;padding-bottom:0px;padding-left:0px;}.wp-block-kadence-advancedheading.kt-adv-heading378_d88f11-f7 img.kb-inline-image, .wp-block-kadence-advancedheading.kt-adv-heading378_d88f11-f7[data-kb-block=\"kb-adv-heading378_d88f11-f7\"] img.kb-inline-image{width:150px;vertical-align:baseline;}<\/style>\n<h2 class=\"kt-adv-heading378_d88f11-f7 wp-block-kadence-advancedheading\" data-kb-block=\"kb-adv-heading378_d88f11-f7\">Startzeit buchen<\/h2>\n\n\n<style>.wp-block-kadence-advancedheading.kt-adv-heading378_5b38d8-3a, .wp-block-kadence-advancedheading.kt-adv-heading378_5b38d8-3a[data-kb-block=\"kb-adv-heading378_5b38d8-3a\"]{text-align:left;font-size:var(--global-kb-font-size-md, 1.25rem);font-style:normal;}.wp-block-kadence-advancedheading.kt-adv-heading378_5b38d8-3a mark.kt-highlight, .wp-block-kadence-advancedheading.kt-adv-heading378_5b38d8-3a[data-kb-block=\"kb-adv-heading378_5b38d8-3a\"] mark.kt-highlight{font-style:normal;color:#f76a0c;-webkit-box-decoration-break:clone;box-decoration-break:clone;padding-top:0px;padding-right:0px;padding-bottom:0px;padding-left:0px;}.wp-block-kadence-advancedheading.kt-adv-heading378_5b38d8-3a img.kb-inline-image, .wp-block-kadence-advancedheading.kt-adv-heading378_5b38d8-3a[data-kb-block=\"kb-adv-heading378_5b38d8-3a\"] img.kb-inline-image{width:150px;vertical-align:baseline;}<\/style>\n<p class=\"kt-adv-heading378_5b38d8-3a wp-block-kadence-advancedheading\" data-kb-block=\"kb-adv-heading378_5b38d8-3a\">Als Gast des Golfparks Sickendorf k\u00f6nnen Sie Ihre Startzeiten bequem \u00fcber unser Online-Buchungssystem reservieren. Klicken Sie einfach auf den untenstehenden Button, um direkt zur Buchungsseite zu gelangen. Bitte beachten Sie, dass Golf-Carts t\u00e4glich ab 10:00 Uhr verf\u00fcgbar sind. Wenn Sie ein Cart am selben Tag ab 14:00 Uhr nutzen m\u00f6chten, stellen Sie bitte sicher, dass die Buchung bis sp\u00e4testens 13:30 Uhr erfolgt ist.<br><br><br>Wir freuen uns darauf, Sie bald auf unserem Platz begr\u00fc\u00dfen zu d\u00fcrfen und w\u00fcnschen Ihnen ein sch\u00f6nes Spiel!<\/p>\n\n\n\n<button onclick=\"openBooking()\">Startzeit buchen<\/button>\n\n<script>\nfunction openBooking() {\n    window.open('https:\/\/sickendorf.cio.golf\/cio\/teetime\/course\/1', 'Golfbuchung', 'width=800,height=600');\n}\n<\/script>\n<\/div><\/div>\n\n\n<style>.kadence-column378_c81856-e1 > .kt-inside-inner-col,.kadence-column378_c81856-e1 > .kt-inside-inner-col:before{border-top-left-radius:0px;border-top-right-radius:0px;border-bottom-right-radius:0px;border-bottom-left-radius:0px;}.kadence-column378_c81856-e1 > .kt-inside-inner-col{column-gap:var(--global-kb-gap-sm, 1rem);}.kadence-column378_c81856-e1 > .kt-inside-inner-col{flex-direction:column;}.kadence-column378_c81856-e1 > .kt-inside-inner-col > .aligncenter{width:100%;}.kadence-column378_c81856-e1 > .kt-inside-inner-col:before{opacity:0.3;}.kadence-column378_c81856-e1{position:relative;}@media all and (max-width: 1024px){.kadence-column378_c81856-e1 > .kt-inside-inner-col{flex-direction:column;justify-content:center;}}@media all and (max-width: 767px){.kadence-column378_c81856-e1 > .kt-inside-inner-col{flex-direction:column;justify-content:center;}}<\/style>\n<div class=\"wp-block-kadence-column kadence-column378_c81856-e1\"><div class=\"kt-inside-inner-col\"><style>.wp-block-kadence-image.kb-image378_d4143d-c5:not(.kb-specificity-added):not(.kb-extra-specificity-added){margin-top:-96px;margin-right:-24px;margin-bottom:-24px;}.kb-image378_d4143d-c5.kb-image-is-ratio-size, .kb-image378_d4143d-c5 .kb-image-is-ratio-size{max-width:467px;width:100%;}.wp-block-kadence-column > .kt-inside-inner-col > .kb-image378_d4143d-c5.kb-image-is-ratio-size, .wp-block-kadence-column > .kt-inside-inner-col > .kb-image378_d4143d-c5 .kb-image-is-ratio-size{align-self:unset;}.kb-image378_d4143d-c5{max-width:467px;}.image-is-svg.kb-image378_d4143d-c5{-webkit-flex:0 1 100%;flex:0 1 100%;}.image-is-svg.kb-image378_d4143d-c5 img{width:100%;}.kb-image378_d4143d-c5 .kb-image-has-overlay:after{opacity:0.3;border-top-left-radius:10px;border-top-right-radius:10px;border-bottom-right-radius:10px;border-bottom-left-radius:10px;}.kb-image378_d4143d-c5 img.kb-img, .kb-image378_d4143d-c5 .kb-img img{border-top-left-radius:10px;border-top-right-radius:10px;border-bottom-right-radius:10px;border-bottom-left-radius:10px;}@media all and (max-width: 767px){.wp-block-kadence-image.kb-image378_d4143d-c5:not(.kb-specificity-added):not(.kb-extra-specificity-added){margin-top:0px;margin-right:0px;margin-bottom:0px;}}<\/style>\n<figure class=\"wp-block-kadence-image kb-image378_d4143d-c5 kb-image-is-ratio-size\"><div class=\"kb-is-ratio-image kb-image-ratio-port34\"><img loading=\"lazy\" decoding=\"async\" width=\"1024\" height=\"683\" src=\"https:\/\/golfpark-sickendorf.de\/wp-content\/uploads\/2025\/03\/79590639-1.jpg\" class=\"kb-img wp-image-279\" srcset=\"https:\/\/golfpark-sickendorf.de\/wp-content\/uploads\/2025\/03\/79590639-1.jpg 1024w, https:\/\/golfpark-sickendorf.de\/wp-content\/uploads\/2025\/03\/79590639-1-300x200.jpg 300w, https:\/\/golfpark-sickendorf.de\/wp-content\/uploads\/2025\/03\/79590639-1-768x512.jpg 768w\" sizes=\"auto, (max-width: 1024px) 100vw, 1024px\" \/><\/div><\/figure>\n<\/div><\/div>\n\n<\/div><\/div>\n\n\n<p><\/p>\n\n\n\n<div class=\"wp-block-uagb-container uagb-block-a44e806f alignfull uagb-is-root-container\"><div class=\"uagb-container-inner-blocks-wrap\">\n<div class=\"wp-block-uagb-container uagb-block-942920e8\">\n<div class=\"wp-block-uagb-info-box uagb-block-8efa70de uagb-infobox__content-wrap  uagb-infobox-icon-above-title uagb-infobox-image-valign-top\"><div class=\"uagb-ifb-content\"><div class=\"uagb-ifb-title-wrap\"><span class=\"uagb-ifb-title-prefix\">Bleiben Sie in Kontakt<\/span><h2 class=\"uagb-ifb-title\">Verpassen Sie keine Neuigkeiten und Angebote!<\/h2><\/div><p class=\"uagb-ifb-desc\">Abonnieren Sie unseren Newsletter und erfahren Sie als Erster von bevorstehenden Veranstaltungen und aktuellen Angeboten.<\/p><div class=\"uagb-ifb-button-wrapper wp-block-button\"><a href=\"contact\/\" class=\"uagb-infobox-cta-link wp-block-button__link\" target=\"_self\" rel=\"noopener noreferrer\" onclick=\"return true;\"><span class=\"uagb-inline-editing\">Jetzt Buchen<\/span><\/a><\/div><\/div><\/div>\n<\/div>\n<\/div><\/div>\n","protected":false},"excerpt":{"rendered":"<p>Startzeit buchen Als Gast des Golfparks Sickendorf k\u00f6nnen Sie Ihre Startzeiten bequem \u00fcber unser Online-Buchungssystem reservieren. Klicken Sie einfach auf [&hellip;]<\/p>\n","protected":false},"author":4,"featured_media":0,"parent":0,"menu_order":0,"comment_status":"closed","ping_status":"closed","template":"","meta":{"_uag_custom_page_level_css":"","site-sidebar-layout":"default","site-content-layout":"","ast-site-content-layout":"","site-content-style":"default","site-sidebar-style":"default","ast-global-header-display":"","ast-banner-title-visibility":"","ast-main-header-display":"","ast-hfb-above-header-display":"","ast-hfb-below-header-display":"","ast-hfb-mobile-header-display":"","site-post-title":"disabled","ast-breadcrumbs-content":"","ast-featured-img":"","footer-sml-layout":"","ast-disable-related-posts":"","theme-transparent-header-meta":"","adv-header-id-meta":"","stick-header-meta":"","header-above-stick-meta":"","header-main-stick-meta":"","header-below-stick-meta":"","astra-migrate-meta-layouts":"default","ast-page-background-enabled":"default","ast-page-background-meta":{"desktop":{"background-color":"var(--ast-global-color-4)","background-image":"","background-repeat":"repeat","background-position":"center center","background-size":"auto","background-attachment":"scroll","background-type":"","background-media":"","overlay-type":"","overlay-color":"","overlay-opacity":"","overlay-gradient":""},"tablet":{"background-color":"","background-image":"","background-repeat":"repeat","background-position":"center center","background-size":"auto","background-attachment":"scroll","background-type":"","background-media":"","overlay-type":"","overlay-color":"","overlay-opacity":"","overlay-gradient":""},"mobile":{"background-color":"","background-image":"","background-repeat":"repeat","background-position":"center center","background-size":"auto","background-attachment":"scroll","background-type":"","background-media":"","overlay-type":"","overlay-color":"","overlay-opacity":"","overlay-gradient":""}},"ast-content-background-meta":{"desktop":{"background-color":"var(--ast-global-color-5)","background-image":"","background-repeat":"repeat","background-position":"center center","background-size":"auto","background-attachment":"scroll","background-type":"","background-media":"","overlay-type":"","overlay-color":"","overlay-opacity":"","overlay-gradient":""},"tablet":{"background-color":"var(--ast-global-color-5)","background-image":"","background-repeat":"repeat","background-position":"center center","background-size":"auto","background-attachment":"scroll","background-type":"","background-media":"","overlay-type":"","overlay-color":"","overlay-opacity":"","overlay-gradient":""},"mobile":{"background-color":"var(--ast-global-color-5)","background-image":"","background-repeat":"repeat","background-position":"center center","background-size":"auto","background-attachment":"scroll","background-type":"","background-media":"","overlay-type":"","overlay-color":"","overlay-opacity":"","overlay-gradient":""}},"footnotes":""},"class_list":["post-378","page","type-page","status-publish","hentry"],"yoast_head":"<!-- This site is optimized with the Yoast SEO plugin v24.7 - https:\/\/yoast.com\/wordpress\/plugins\/seo\/ -->\n<title>Startzeit -<\/title>\n<meta name=\"robots\" content=\"index, follow, max-snippet:-1, max-image-preview:large, max-video-preview:-1\" \/>\n<link rel=\"canonical\" href=\"https:\/\/www.golfpark-sickendorf.de\/home\/startzeit\/\" \/>\n<meta property=\"og:locale\" content=\"de_DE\" \/>\n<meta property=\"og:type\" content=\"article\" \/>\n<meta property=\"og:title\" content=\"Startzeit -\" \/>\n<meta property=\"og:description\" content=\"Startzeit buchen Als Gast des Golfparks Sickendorf k\u00f6nnen Sie Ihre Startzeiten bequem \u00fcber unser Online-Buchungssystem reservieren. Klicken Sie einfach auf [&hellip;]\" \/>\n<meta property=\"og:url\" content=\"https:\/\/www.golfpark-sickendorf.de\/home\/startzeit\/\" \/>\n<meta property=\"article:publisher\" content=\"https:\/\/www.facebook.com\/profile.php?id=100065063283004\" \/>\n<meta property=\"article:modified_time\" content=\"2025-03-11T18:20:36+00:00\" \/>\n<meta property=\"og:image\" content=\"https:\/\/golfpark-sickendorf.de\/wp-content\/uploads\/2025\/03\/79590639-1.jpg\" \/>\n<meta name=\"twitter:card\" content=\"summary_large_image\" \/>\n<meta name=\"twitter:label1\" content=\"Gesch\u00e4tzte Lesezeit\" \/>\n\t<meta name=\"twitter:data1\" content=\"1\u00a0Minute\" \/>\n<script type=\"application\/ld+json\" class=\"yoast-schema-graph\">{\"@context\":\"https:\/\/schema.org\",\"@graph\":[{\"@type\":\"WebPage\",\"@id\":\"https:\/\/www.golfpark-sickendorf.de\/home\/startzeit\/\",\"url\":\"https:\/\/www.golfpark-sickendorf.de\/home\/startzeit\/\",\"name\":\"Startzeit -\",\"isPartOf\":{\"@id\":\"https:\/\/golfpark-sickendorf.de\/home\/#website\"},\"primaryImageOfPage\":{\"@id\":\"https:\/\/www.golfpark-sickendorf.de\/home\/startzeit\/#primaryimage\"},\"image\":{\"@id\":\"https:\/\/www.golfpark-sickendorf.de\/home\/startzeit\/#primaryimage\"},\"thumbnailUrl\":\"https:\/\/golfpark-sickendorf.de\/wp-content\/uploads\/2025\/03\/79590639-1.jpg\",\"datePublished\":\"2025-03-11T18:00:27+00:00\",\"dateModified\":\"2025-03-11T18:20:36+00:00\",\"breadcrumb\":{\"@id\":\"https:\/\/www.golfpark-sickendorf.de\/home\/startzeit\/#breadcrumb\"},\"inLanguage\":\"de\",\"potentialAction\":[{\"@type\":\"ReadAction\",\"target\":[\"https:\/\/www.golfpark-sickendorf.de\/home\/startzeit\/\"]}]},{\"@type\":\"ImageObject\",\"inLanguage\":\"de\",\"@id\":\"https:\/\/www.golfpark-sickendorf.de\/home\/startzeit\/#primaryimage\",\"url\":\"https:\/\/golfpark-sickendorf.de\/wp-content\/uploads\/2025\/03\/79590639-1.jpg\",\"contentUrl\":\"https:\/\/golfpark-sickendorf.de\/wp-content\/uploads\/2025\/03\/79590639-1.jpg\"},{\"@type\":\"BreadcrumbList\",\"@id\":\"https:\/\/www.golfpark-sickendorf.de\/home\/startzeit\/#breadcrumb\",\"itemListElement\":[{\"@type\":\"ListItem\",\"position\":1,\"name\":\"Startseite\",\"item\":\"https:\/\/golfpark-sickendorf.de\/home\/\"},{\"@type\":\"ListItem\",\"position\":2,\"name\":\"Startzeit\"}]},{\"@type\":\"WebSite\",\"@id\":\"https:\/\/golfpark-sickendorf.de\/home\/#website\",\"url\":\"https:\/\/golfpark-sickendorf.de\/home\/\",\"name\":\"Golfpark Sickendorf\",\"description\":\"\",\"publisher\":{\"@id\":\"https:\/\/golfpark-sickendorf.de\/home\/#organization\"},\"potentialAction\":[{\"@type\":\"SearchAction\",\"target\":{\"@type\":\"EntryPoint\",\"urlTemplate\":\"https:\/\/golfpark-sickendorf.de\/home\/?s={search_term_string}\"},\"query-input\":{\"@type\":\"PropertyValueSpecification\",\"valueRequired\":true,\"valueName\":\"search_term_string\"}}],\"inLanguage\":\"de\"},{\"@type\":\"Organization\",\"@id\":\"https:\/\/golfpark-sickendorf.de\/home\/#organization\",\"name\":\"Golf-, Freizeit- & Ferienresort \\\"Golfpark Schlossgut Sickendorf\\\" GmbH\",\"url\":\"https:\/\/golfpark-sickendorf.de\/home\/\",\"logo\":{\"@type\":\"ImageObject\",\"inLanguage\":\"de\",\"@id\":\"https:\/\/golfpark-sickendorf.de\/home\/#\/schema\/logo\/image\/\",\"url\":\"https:\/\/golfpark-sickendorf.de\/wp-content\/uploads\/2025\/03\/cropped-cropped-Logo_rund_Sickendorf-1.png\",\"contentUrl\":\"https:\/\/golfpark-sickendorf.de\/wp-content\/uploads\/2025\/03\/cropped-cropped-Logo_rund_Sickendorf-1.png\",\"width\":512,\"height\":512,\"caption\":\"Golf-, Freizeit- & Ferienresort \\\"Golfpark Schlossgut Sickendorf\\\" GmbH\"},\"image\":{\"@id\":\"https:\/\/golfpark-sickendorf.de\/home\/#\/schema\/logo\/image\/\"},\"sameAs\":[\"https:\/\/www.facebook.com\/profile.php?id=100065063283004\"]}]}<\/script>\n<!-- \/ Yoast SEO plugin. -->","yoast_head_json":{"title":"Startzeit -","robots":{"index":"index","follow":"follow","max-snippet":"max-snippet:-1","max-image-preview":"max-image-preview:large","max-video-preview":"max-video-preview:-1"},"canonical":"https:\/\/www.golfpark-sickendorf.de\/home\/startzeit\/","og_locale":"de_DE","og_type":"article","og_title":"Startzeit -","og_description":"Startzeit buchen Als Gast des Golfparks Sickendorf k\u00f6nnen Sie Ihre Startzeiten bequem \u00fcber unser Online-Buchungssystem reservieren. Klicken Sie einfach auf [&hellip;]","og_url":"https:\/\/www.golfpark-sickendorf.de\/home\/startzeit\/","article_publisher":"https:\/\/www.facebook.com\/profile.php?id=100065063283004","article_modified_time":"2025-03-11T18:20:36+00:00","og_image":[{"url":"https:\/\/golfpark-sickendorf.de\/wp-content\/uploads\/2025\/03\/79590639-1.jpg","type":"","width":"","height":""}],"twitter_card":"summary_large_image","twitter_misc":{"Gesch\u00e4tzte Lesezeit":"1\u00a0Minute"},"schema":{"@context":"https:\/\/schema.org","@graph":[{"@type":"WebPage","@id":"https:\/\/www.golfpark-sickendorf.de\/home\/startzeit\/","url":"https:\/\/www.golfpark-sickendorf.de\/home\/startzeit\/","name":"Startzeit -","isPartOf":{"@id":"https:\/\/golfpark-sickendorf.de\/home\/#website"},"primaryImageOfPage":{"@id":"https:\/\/www.golfpark-sickendorf.de\/home\/startzeit\/#primaryimage"},"image":{"@id":"https:\/\/www.golfpark-sickendorf.de\/home\/startzeit\/#primaryimage"},"thumbnailUrl":"https:\/\/golfpark-sickendorf.de\/wp-content\/uploads\/2025\/03\/79590639-1.jpg","datePublished":"2025-03-11T18:00:27+00:00","dateModified":"2025-03-11T18:20:36+00:00","breadcrumb":{"@id":"https:\/\/www.golfpark-sickendorf.de\/home\/startzeit\/#breadcrumb"},"inLanguage":"de","potentialAction":[{"@type":"ReadAction","target":["https:\/\/www.golfpark-sickendorf.de\/home\/startzeit\/"]}]},{"@type":"ImageObject","inLanguage":"de","@id":"https:\/\/www.golfpark-sickendorf.de\/home\/startzeit\/#primaryimage","url":"https:\/\/golfpark-sickendorf.de\/wp-content\/uploads\/2025\/03\/79590639-1.jpg","contentUrl":"https:\/\/golfpark-sickendorf.de\/wp-content\/uploads\/2025\/03\/79590639-1.jpg"},{"@type":"BreadcrumbList","@id":"https:\/\/www.golfpark-sickendorf.de\/home\/startzeit\/#breadcrumb","itemListElement":[{"@type":"ListItem","position":1,"name":"Startseite","item":"https:\/\/golfpark-sickendorf.de\/home\/"},{"@type":"ListItem","position":2,"name":"Startzeit"}]},{"@type":"WebSite","@id":"https:\/\/golfpark-sickendorf.de\/home\/#website","url":"https:\/\/golfpark-sickendorf.de\/home\/","name":"Golfpark Sickendorf","description":"","publisher":{"@id":"https:\/\/golfpark-sickendorf.de\/home\/#organization"},"potentialAction":[{"@type":"SearchAction","target":{"@type":"EntryPoint","urlTemplate":"https:\/\/golfpark-sickendorf.de\/home\/?s={search_term_string}"},"query-input":{"@type":"PropertyValueSpecification","valueRequired":true,"valueName":"search_term_string"}}],"inLanguage":"de"},{"@type":"Organization","@id":"https:\/\/golfpark-sickendorf.de\/home\/#organization","name":"Golf-, Freizeit- & Ferienresort \"Golfpark Schlossgut Sickendorf\" GmbH","url":"https:\/\/golfpark-sickendorf.de\/home\/","logo":{"@type":"ImageObject","inLanguage":"de","@id":"https:\/\/golfpark-sickendorf.de\/home\/#\/schema\/logo\/image\/","url":"https:\/\/golfpark-sickendorf.de\/wp-content\/uploads\/2025\/03\/cropped-cropped-Logo_rund_Sickendorf-1.png","contentUrl":"https:\/\/golfpark-sickendorf.de\/wp-content\/uploads\/2025\/03\/cropped-cropped-Logo_rund_Sickendorf-1.png","width":512,"height":512,"caption":"Golf-, Freizeit- & Ferienresort \"Golfpark Schlossgut Sickendorf\" GmbH"},"image":{"@id":"https:\/\/golfpark-sickendorf.de\/home\/#\/schema\/logo\/image\/"},"sameAs":["https:\/\/www.facebook.com\/profile.php?id=100065063283004"]}]}},"uagb_featured_image_src":{"full":false,"thumbnail":false,"medium":false,"medium_large":false,"large":false,"1536x1536":false,"2048x2048":false},"uagb_author_info":{"display_name":"cpuzcqqdzd3e","author_link":"https:\/\/golfpark-sickendorf.de\/home\/author\/cpuzcqqdzd3e\/"},"uagb_comment_info":0,"uagb_excerpt":"Startzeit buchen Als Gast des Golfparks Sickendorf k\u00f6nnen Sie Ihre Startzeiten bequem \u00fcber unser Online-Buchungssystem reservieren. Klicken Sie einfach auf [&hellip;]","_links":{"self":[{"href":"https:\/\/golfpark-sickendorf.de\/home\/wp-json\/wp\/v2\/pages\/378","targetHints":{"allow":["GET"]}}],"collection":[{"href":"https:\/\/golfpark-sickendorf.de\/home\/wp-json\/wp\/v2\/pages"}],"about":[{"href":"https:\/\/golfpark-sickendorf.de\/home\/wp-json\/wp\/v2\/types\/page"}],"author":[{"embeddable":true,"href":"https:\/\/golfpark-sickendorf.de\/home\/wp-json\/wp\/v2\/users\/4"}],"replies":[{"embeddable":true,"href":"https:\/\/golfpark-sickendorf.de\/home\/wp-json\/wp\/v2\/comments?post=378"}],"version-history":[{"count":5,"href":"https:\/\/golfpark-sickendorf.de\/home\/wp-json\/wp\/v2\/pages\/378\/revisions"}],"predecessor-version":[{"id":386,"href":"https:\/\/golfpark-sickendorf.de\/home\/wp-json\/wp\/v2\/pages\/378\/revisions\/386"}],"wp:attachment":[{"href":"https:\/\/golfpark-sickendorf.de\/home\/wp-json\/wp\/v2\/media?parent=378"}],"curies":[{"name":"wp","href":"https:\/\/api.w.org\/{rel}","templated":true}]}}